{"id":1205,"date":"2023-10-31T14:07:09","date_gmt":"2023-10-31T18:07:09","guid":{"rendered":"https:\/\/triadeconnections.com\/about\/"},"modified":"2025-11-12T09:42:41","modified_gmt":"2025-11-12T14:42:41","slug":"about","status":"publish","type":"page","link":"https:\/\/triadeconnections.com\/en\/about\/","title":{"rendered":"About"},"content":{"rendered":"<p>[et_pb_section fb_built=&#8221;1&#8243; admin_label=&#8221;\u00c0 propos&#8221; _builder_version=&#8221;4.23&#8243; _module_preset=&#8221;default&#8221; global_colors_info=&#8221;{}&#8221;][et_pb_row module_class=&#8221;row-90 row-a-propos&#8221; _builder_version=&#8221;4.23&#8243; _module_preset=&#8221;default&#8221; animation_style=&#8221;slide&#8221; animation_duration=&#8221;1200ms&#8221; global_colors_info=&#8221;{}&#8221;][et_pb_column type=&#8221;4_4&#8243; _builder_version=&#8221;4.23&#8243; _module_preset=&#8221;default&#8221; global_colors_info=&#8221;{}&#8221;][et_pb_text admin_label=&#8221;\u00c0 propos&#8221; _builder_version=&#8221;4.23&#8243; _module_preset=&#8221;default&#8221; header_font=&#8221;|800|||||||&#8221; header_text_align=&#8221;center&#8221; header_text_color=&#8221;#000000&#8243; header_font_size=&#8221;43px&#8221; header_line_height=&#8221;1.2em&#8221; header_font_size_tablet=&#8221;43px&#8221; header_font_size_phone=&#8221;35px&#8221; header_font_size_last_edited=&#8221;on|desktop&#8221; global_colors_info=&#8221;{}&#8221;]<\/p>\n<h1>About<\/h1>\n<p>[\/et_pb_text][\/et_pb_column][\/et_pb_row][et_pb_row column_structure=&#8221;1_2,1_2&#8243; use_custom_gutter=&#8221;on&#8221; gutter_width=&#8221;1&#8243; make_equal=&#8221;on&#8221; module_class=&#8221;row-90 row-a-propos&#8221; _builder_version=&#8221;4.23&#8243; _module_preset=&#8221;default&#8221; global_colors_info=&#8221;{}&#8221;][et_pb_column type=&#8221;1_2&#8243; _builder_version=&#8221;4.23&#8243; _module_preset=&#8221;default&#8221; custom_css_main_element=&#8221;display: -webkit-box;||  display: -moz-box;||  display: -webkit-flex;||  display: -ms-flexbox;||  display: flex;||||-webkit-justify-content:center;||justify-content:center;||||-moz-flex-direction:column;||-ms-flex-direction:column;||-webkit-flex-direction:column;||flex-direction:column;&#8221; global_colors_info=&#8221;{}&#8221;][et_pb_image src=&#8221;https:\/\/triadeconnections.com\/wp-content\/uploads\/2023\/11\/photo-a-propos.png&#8221; title_text=&#8221;about-photo&#8221; align_tablet=&#8221;center&#8221; align_phone=&#8221;center&#8221; align_last_edited=&#8221;on|tablet&#8221; _builder_version=&#8221;4.23&#8243; _module_preset=&#8221;default&#8221; z_index=&#8221;999&#8243; width_tablet=&#8221;75%&#8221; width_phone=&#8221;85%&#8221; width_last_edited=&#8221;on|tablet&#8221; global_colors_info=&#8221;{}&#8221;][\/et_pb_image][\/et_pb_column][et_pb_column type=&#8221;1_2&#8243; _builder_version=&#8221;4.23&#8243; _module_preset=&#8221;default&#8221; custom_css_main_element=&#8221;display: -webkit-box;||  display: -moz-box;||  display: -webkit-flex;||  display: -ms-flexbox;||  display: flex;||||-webkit-justify-content:center;||justify-content:center;||||-moz-flex-direction:column;||-ms-flex-direction:column;||-webkit-flex-direction:column;||flex-direction:column;&#8221; global_colors_info=&#8221;{}&#8221;][et_pb_text admin_label=&#8221;La rallonge Triade Connections pour pistolet \u00e0 peinture est un outil unique et r\u00e9volutionnaire con\u00e7u pour faciliter et simplifier le travail des professionnels de la peinture.&#8221; module_class=&#8221;texte-a-propos&#8221; _builder_version=&#8221;4.24.3&#8243; _module_preset=&#8221;default&#8221; text_text_color=&#8221;#000000&#8243; text_font_size=&#8221;18px&#8221; text_line_height=&#8221;1.3em&#8221; background_color=&#8221;#FFFFFF&#8221; z_index=&#8221;10&#8243; custom_margin=&#8221;|||-80px|false|false&#8221; custom_margin_tablet=&#8221;|||0px|false|false&#8221; custom_margin_phone=&#8221;|||0px|false|false&#8221; custom_margin_last_edited=&#8221;on|desktop&#8221; custom_padding=&#8221;8%|5%|8%|8%|true|false&#8221; custom_padding_tablet=&#8221;|||5%|false|false&#8221; custom_padding_phone=&#8221;|||5%|false|false&#8221; custom_padding_last_edited=&#8221;on|desktop&#8221; scroll_vertical_motion_enable=&#8221;on&#8221; scroll_vertical_motion=&#8221;0|50|50|100|1|0|0&#8243; hover_enabled=&#8221;0&#8243; text_font_size_tablet=&#8221;17px&#8221; text_font_size_phone=&#8221;16px&#8221; text_font_size_last_edited=&#8221;on|desktop&#8221; box_shadow_style=&#8221;preset1&#8243; global_colors_info=&#8221;{}&#8221; sticky_enabled=&#8221;0&#8243;]<\/p>\n<p>The <strong>Triade Connections<\/strong> paint gun extension is a unique and revolutionary tool designed to make painters\u2019 work easier and more efficient.<\/p>\n<p>Depending on the nature of the job, you can switch from one extension length to another in just a few seconds \u2014 no tools required.<\/p>\n<p>To help you reach different distances, the extensions are available in several lengths: <strong>6, 12, 18, 24, 30, and 36 inches (15, 30, 46, 61, 76, and 91 cm).<\/strong><\/p>\n<p>The threaded fitting <strong>(7\/8-14)<\/strong> meets industry standards, allowing you to use the spray gun and tip of your choice.<\/p>\n<p>The plastic connector located between the spray tip and the end of the gun adapter minimizes friction when switching from a horizontal to a vertical spray pattern.<br \/>The Triade Connections extension is machined and assembled in Canada. It is made of high-quality aluminum and then anodized to increase its strength. Its design and materials provide both durability and lightness.<\/p>\n<p>Hydrostatic tests were conducted on our products by the <strong>Centre de recherche industrielle du Qu\u00e9bec (CRIQ)<\/strong> to establish the maximum working pressure.<\/p>\n<p><span style=\"text-decoration: underline;\"><strong>Its unique and innovative concept is patented.<\/strong><\/span><\/p>\n<p>[\/et_pb_text][\/et_pb_column][\/et_pb_row][\/et_pb_section][et_pb_section fb_built=&#8221;1&#8243; _builder_version=&#8221;4.23.1&#8243; _module_preset=&#8221;default&#8221; background_color=&#8221;#0A9FE7&#8243; animation_style=&#8221;slide&#8221; animation_direction=&#8221;bottom&#8221; animation_duration=&#8221;1200ms&#8221; border_width_top=&#8221;20px&#8221; border_color_top=&#8221;#b1b1b1&#8243; border_width_top_tablet=&#8221;20px&#8221; border_width_top_phone=&#8221;20px&#8221; border_width_top_last_edited=&#8221;on|desktop&#8221; border_color_top_tablet=&#8221;#b1b1b1&#8243; border_color_top_phone=&#8221;#b1b1b1&#8243; border_color_top_last_edited=&#8221;on|desktop&#8221; global_colors_info=&#8221;{}&#8221;][et_pb_row column_structure=&#8221;1_2,1_2&#8243; use_custom_gutter=&#8221;on&#8221; gutter_width=&#8221;2&#8243; make_equal=&#8221;on&#8221; module_class=&#8221;row-90 row-rallonge&#8221; _builder_version=&#8221;4.23&#8243; _module_preset=&#8221;default&#8221; custom_padding=&#8221;0px||0px||true|false&#8221; global_colors_info=&#8221;{}&#8221;][et_pb_column type=&#8221;1_2&#8243; _builder_version=&#8221;4.23&#8243; _module_preset=&#8221;default&#8221; global_colors_info=&#8221;{}&#8221;][et_pb_text admin_label=&#8221;LA RALLONGE TRIADE CONNECTIONS,&#8221; _builder_version=&#8221;4.23&#8243; _module_preset=&#8221;default&#8221; text_text_color=&#8221;#FFFFFF&#8221; text_font_size=&#8221;24px&#8221; text_line_height=&#8221;1.3em&#8221; text_font_size_tablet=&#8221;20px&#8221; text_font_size_phone=&#8221;18px&#8221; text_font_size_last_edited=&#8221;on|desktop&#8221; global_colors_info=&#8221;{}&#8221;]<\/p>\n<p>The <strong>TRIADE CONNECTIONS<\/strong> extension, created by a painter for painters, is a unique tool of exceptional quality. Designed with a true understanding of the industry&#8217;s needs, it is an essential ally for painting professionals. Not only does it simplify your work with its quick and easy connection, but it also saves you time and money.<\/p>\n<p><\/p>\n<p><strong>Discover a new dimension of efficiency and performance with Triade Connections.<\/strong><\/p>\n<p>[\/et_pb_text][\/et_pb_column][et_pb_column type=&#8221;1_2&#8243; _builder_version=&#8221;4.23&#8243; _module_preset=&#8221;default&#8221; global_colors_info=&#8221;{}&#8221;][et_pb_image src=&#8221;https:\/\/triadeconnections.com\/wp-content\/uploads\/2023\/11\/video.jpg&#8221; title_text=&#8221;video&#8221; _builder_version=&#8221;4.23&#8243; _module_preset=&#8221;default&#8221; global_colors_info=&#8221;{}&#8221;][\/et_pb_image][\/et_pb_column][\/et_pb_row][\/et_pb_section]<\/p>\n","protected":false},"excerpt":{"rendered":"<p>AboutThe Triade Connections paint gun extension is a unique and revolutionary tool designed to make painters\u2019 work easier and more efficient. Depending on the nature of the job, you can switch from one extension length to another in just a few seconds \u2014 no tools required. To help you reach different distances, the extensions are [&hellip;]<\/p>\n","protected":false},"author":1,"featured_media":1184,"parent":0,"menu_order":0,"comment_status":"closed","ping_status":"closed","template":"","meta":{"_et_pb_use_builder":"on","_et_pb_old_content":"","_et_gb_content_width":"","footnotes":""},"dipi_cpt_category":[],"class_list":["post-1205","page","type-page","status-publish","has-post-thumbnail","hentry"],"yoast_head":"<!-- This site is optimized with the Yoast SEO plugin v27.3 - https:\/\/yoast.com\/product\/yoast-seo-wordpress\/ -->\n<title>About |\u00a0| Triade Connections<\/title>\n<meta name=\"description\" content=\"The Triade Connections extension, created by a painter for painters, is a unique tool of exceptional quality. Designed with a true understanding of the industry&#039;s needs, it simplifies your work with its quick and easy connection, saving you both time and money.\" \/>\n<meta name=\"robots\" content=\"index, follow, max-snippet:-1, max-image-preview:large, max-video-preview:-1\" \/>\n<link rel=\"canonical\" href=\"https:\/\/triadeconnections.com\/en\/about\/\" \/>\n<meta property=\"og:locale\" content=\"en_US\" \/>\n<meta property=\"og:type\" content=\"article\" \/>\n<meta property=\"og:title\" content=\"About |\u00a0| Triade Connections\" \/>\n<meta property=\"og:description\" content=\"The Triade Connections extension, created by a painter for painters, is a unique tool of exceptional quality. Designed with a true understanding of the industry&#039;s needs, it simplifies your work with its quick and easy connection, saving you both time and money.\" \/>\n<meta property=\"og:url\" content=\"https:\/\/triadeconnections.com\/en\/about\/\" \/>\n<meta property=\"og:site_name\" content=\"Triade Connections\" \/>\n<meta property=\"article:modified_time\" content=\"2025-11-12T14:42:41+00:00\" \/>\n<meta property=\"og:image\" content=\"https:\/\/triadeconnections.com\/wp-content\/uploads\/2023\/10\/Partage-sur-les-reseaux-1024x512.jpg\" \/>\n<meta name=\"twitter:card\" content=\"summary_large_image\" \/>\n<meta name=\"twitter:title\" content=\"About |\u00a0| Triade Connections\" \/>\n<meta name=\"twitter:description\" content=\"The Triade Connections extension, created by a painter for painters, is a unique tool of exceptional quality. Designed with a true understanding of the industry&#039;s needs, it simplifies your work with its quick and easy connection, saving you both time and money.\" \/>\n<meta name=\"twitter:image\" content=\"https:\/\/triadeconnections.com\/wp-content\/uploads\/2023\/10\/Partage-sur-les-reseaux-1024x512.jpg\" \/>\n<meta name=\"twitter:label1\" content=\"Est. reading time\" \/>\n\t<meta name=\"twitter:data1\" content=\"4 minutes\" \/>\n<script type=\"application\/ld+json\" class=\"yoast-schema-graph\">{\"@context\":\"https:\\\/\\\/schema.org\",\"@graph\":[{\"@type\":\"WebPage\",\"@id\":\"https:\\\/\\\/triadeconnections.com\\\/en\\\/about\\\/\",\"url\":\"https:\\\/\\\/triadeconnections.com\\\/en\\\/about\\\/\",\"name\":\"About |\u00a0| Triade Connections\",\"isPartOf\":{\"@id\":\"https:\\\/\\\/triadeconnections.com\\\/en\\\/#website\"},\"primaryImageOfPage\":{\"@id\":\"https:\\\/\\\/triadeconnections.com\\\/en\\\/about\\\/#primaryimage\"},\"image\":{\"@id\":\"https:\\\/\\\/triadeconnections.com\\\/en\\\/about\\\/#primaryimage\"},\"thumbnailUrl\":\"https:\\\/\\\/triadeconnections.com\\\/wp-content\\\/uploads\\\/2023\\\/10\\\/Partage-sur-les-reseaux.jpg\",\"datePublished\":\"2023-10-31T18:07:09+00:00\",\"dateModified\":\"2025-11-12T14:42:41+00:00\",\"description\":\"The Triade Connections extension, created by a painter for painters, is a unique tool of exceptional quality. Designed with a true understanding of the industry's needs, it simplifies your work with its quick and easy connection, saving you both time and money.\",\"breadcrumb\":{\"@id\":\"https:\\\/\\\/triadeconnections.com\\\/en\\\/about\\\/#breadcrumb\"},\"inLanguage\":\"en-US\",\"potentialAction\":[{\"@type\":\"ReadAction\",\"target\":[\"https:\\\/\\\/triadeconnections.com\\\/en\\\/about\\\/\"]}]},{\"@type\":\"ImageObject\",\"inLanguage\":\"en-US\",\"@id\":\"https:\\\/\\\/triadeconnections.com\\\/en\\\/about\\\/#primaryimage\",\"url\":\"https:\\\/\\\/triadeconnections.com\\\/wp-content\\\/uploads\\\/2023\\\/10\\\/Partage-sur-les-reseaux.jpg\",\"contentUrl\":\"https:\\\/\\\/triadeconnections.com\\\/wp-content\\\/uploads\\\/2023\\\/10\\\/Partage-sur-les-reseaux.jpg\",\"width\":1200,\"height\":600},{\"@type\":\"BreadcrumbList\",\"@id\":\"https:\\\/\\\/triadeconnections.com\\\/en\\\/about\\\/#breadcrumb\",\"itemListElement\":[{\"@type\":\"ListItem\",\"position\":1,\"name\":\"Accueil\",\"item\":\"https:\\\/\\\/triadeconnections.com\\\/en\\\/\"},{\"@type\":\"ListItem\",\"position\":2,\"name\":\"About\"}]},{\"@type\":\"WebSite\",\"@id\":\"https:\\\/\\\/triadeconnections.com\\\/en\\\/#website\",\"url\":\"https:\\\/\\\/triadeconnections.com\\\/en\\\/\",\"name\":\"Triade Connections\",\"description\":\"The quick-connect extension cable\",\"potentialAction\":[{\"@type\":\"SearchAction\",\"target\":{\"@type\":\"EntryPoint\",\"urlTemplate\":\"https:\\\/\\\/triadeconnections.com\\\/en\\\/?s={search_term_string}\"},\"query-input\":{\"@type\":\"PropertyValueSpecification\",\"valueRequired\":true,\"valueName\":\"search_term_string\"}}],\"inLanguage\":\"en-US\"}]}<\/script>\n<!-- \/ Yoast SEO plugin. -->","yoast_head_json":{"title":"About |\u00a0| Triade Connections","description":"The Triade Connections extension, created by a painter for painters, is a unique tool of exceptional quality. Designed with a true understanding of the industry's needs, it simplifies your work with its quick and easy connection, saving you both time and money.","robots":{"index":"index","follow":"follow","max-snippet":"max-snippet:-1","max-image-preview":"max-image-preview:large","max-video-preview":"max-video-preview:-1"},"canonical":"https:\/\/triadeconnections.com\/en\/about\/","og_locale":"en_US","og_type":"article","og_title":"About |\u00a0| Triade Connections","og_description":"The Triade Connections extension, created by a painter for painters, is a unique tool of exceptional quality. Designed with a true understanding of the industry's needs, it simplifies your work with its quick and easy connection, saving you both time and money.","og_url":"https:\/\/triadeconnections.com\/en\/about\/","og_site_name":"Triade Connections","article_modified_time":"2025-11-12T14:42:41+00:00","og_image":[{"url":"https:\/\/triadeconnections.com\/wp-content\/uploads\/2023\/10\/Partage-sur-les-reseaux-1024x512.jpg","type":"","width":"","height":""}],"twitter_card":"summary_large_image","twitter_title":"About |\u00a0| Triade Connections","twitter_description":"The Triade Connections extension, created by a painter for painters, is a unique tool of exceptional quality. Designed with a true understanding of the industry's needs, it simplifies your work with its quick and easy connection, saving you both time and money.","twitter_image":"https:\/\/triadeconnections.com\/wp-content\/uploads\/2023\/10\/Partage-sur-les-reseaux-1024x512.jpg","twitter_misc":{"Est. reading time":"4 minutes"},"schema":{"@context":"https:\/\/schema.org","@graph":[{"@type":"WebPage","@id":"https:\/\/triadeconnections.com\/en\/about\/","url":"https:\/\/triadeconnections.com\/en\/about\/","name":"About |\u00a0| Triade Connections","isPartOf":{"@id":"https:\/\/triadeconnections.com\/en\/#website"},"primaryImageOfPage":{"@id":"https:\/\/triadeconnections.com\/en\/about\/#primaryimage"},"image":{"@id":"https:\/\/triadeconnections.com\/en\/about\/#primaryimage"},"thumbnailUrl":"https:\/\/triadeconnections.com\/wp-content\/uploads\/2023\/10\/Partage-sur-les-reseaux.jpg","datePublished":"2023-10-31T18:07:09+00:00","dateModified":"2025-11-12T14:42:41+00:00","description":"The Triade Connections extension, created by a painter for painters, is a unique tool of exceptional quality. Designed with a true understanding of the industry's needs, it simplifies your work with its quick and easy connection, saving you both time and money.","breadcrumb":{"@id":"https:\/\/triadeconnections.com\/en\/about\/#breadcrumb"},"inLanguage":"en-US","potentialAction":[{"@type":"ReadAction","target":["https:\/\/triadeconnections.com\/en\/about\/"]}]},{"@type":"ImageObject","inLanguage":"en-US","@id":"https:\/\/triadeconnections.com\/en\/about\/#primaryimage","url":"https:\/\/triadeconnections.com\/wp-content\/uploads\/2023\/10\/Partage-sur-les-reseaux.jpg","contentUrl":"https:\/\/triadeconnections.com\/wp-content\/uploads\/2023\/10\/Partage-sur-les-reseaux.jpg","width":1200,"height":600},{"@type":"BreadcrumbList","@id":"https:\/\/triadeconnections.com\/en\/about\/#breadcrumb","itemListElement":[{"@type":"ListItem","position":1,"name":"Accueil","item":"https:\/\/triadeconnections.com\/en\/"},{"@type":"ListItem","position":2,"name":"About"}]},{"@type":"WebSite","@id":"https:\/\/triadeconnections.com\/en\/#website","url":"https:\/\/triadeconnections.com\/en\/","name":"Triade Connections","description":"The quick-connect extension cable","potentialAction":[{"@type":"SearchAction","target":{"@type":"EntryPoint","urlTemplate":"https:\/\/triadeconnections.com\/en\/?s={search_term_string}"},"query-input":{"@type":"PropertyValueSpecification","valueRequired":true,"valueName":"search_term_string"}}],"inLanguage":"en-US"}]}},"_links":{"self":[{"href":"https:\/\/triadeconnections.com\/en\/wp-json\/wp\/v2\/pages\/1205","targetHints":{"allow":["GET"]}}],"collection":[{"href":"https:\/\/triadeconnections.com\/en\/wp-json\/wp\/v2\/pages"}],"about":[{"href":"https:\/\/triadeconnections.com\/en\/wp-json\/wp\/v2\/types\/page"}],"author":[{"embeddable":true,"href":"https:\/\/triadeconnections.com\/en\/wp-json\/wp\/v2\/users\/1"}],"replies":[{"embeddable":true,"href":"https:\/\/triadeconnections.com\/en\/wp-json\/wp\/v2\/comments?post=1205"}],"version-history":[{"count":3,"href":"https:\/\/triadeconnections.com\/en\/wp-json\/wp\/v2\/pages\/1205\/revisions"}],"predecessor-version":[{"id":1493,"href":"https:\/\/triadeconnections.com\/en\/wp-json\/wp\/v2\/pages\/1205\/revisions\/1493"}],"wp:featuredmedia":[{"embeddable":true,"href":"https:\/\/triadeconnections.com\/en\/wp-json\/wp\/v2\/media\/1184"}],"wp:attachment":[{"href":"https:\/\/triadeconnections.com\/en\/wp-json\/wp\/v2\/media?parent=1205"}],"wp:term":[{"taxonomy":"dipi_cpt_category","embeddable":true,"href":"https:\/\/triadeconnections.com\/en\/wp-json\/wp\/v2\/dipi_cpt_category?post=1205"}],"curies":[{"name":"wp","href":"https:\/\/api.w.org\/{rel}","templated":true}]}}